{"id":11138,"date":"2024-06-11T07:10:32","date_gmt":"2024-06-11T07:10:32","guid":{"rendered":"https:\/\/www.avantgard.rs\/terms-and-conditions\/"},"modified":"2025-06-30T13:01:34","modified_gmt":"2025-06-30T13:01:34","slug":"odredbe-i-uslovi","status":"publish","type":"page","link":"https:\/\/www.avantgard.rs\/sr\/odredbe-i-uslovi\/","title":{"rendered":"Odredbe i uslovi"},"content":{"rendered":"\t\t<div data-elementor-type=\"wp-page\" data-elementor-id=\"11138\" class=\"elementor elementor-11138 elementor-9449\" data-elementor-post-type=\"page\">\n\t\t\t\t<div class=\"elementor-element elementor-element-4f39639 e-flex e-con-boxed e-con e-parent\" data-id=\"4f39639\" data-element_type=\"container\" data-e-type=\"container\" data-settings=\"{&quot;background_background&quot;:&quot;classic&quot;}\">\n\t\t\t\t\t<div class=\"e-con-inner\">\n\t\t\t\t\t<\/div>\n\t\t\t\t<\/div>\n\t\t<div class=\"elementor-element elementor-element-3da2d0e elementor-hidden-mobile e-flex e-con-boxed e-con e-parent\" data-id=\"3da2d0e\" data-element_type=\"container\" data-e-type=\"container\">\n\t\t\t\t\t<div class=\"e-con-inner\">\n\t\t\t\t<div class=\"elementor-element elementor-element-a6762ac breadcrumb-text elementor-widget elementor-widget-heading\" data-id=\"a6762ac\" data-element_type=\"widget\" data-e-type=\"widget\" data-widget_type=\"heading.default\">\n\t\t\t\t<div class=\"elementor-widget-container\">\n\t\t\t\t\t<h5 class=\"elementor-heading-title elementor-size-default\"><a href=\"https:\/\/www.avantgard.rs\/\">Avantgard<\/a><\/h5>\t\t\t\t<\/div>\n\t\t\t\t<\/div>\n\t\t\t\t<div class=\"elementor-element elementor-element-51b8099 elementor-widget elementor-widget-heading\" data-id=\"51b8099\" data-element_type=\"widget\" data-e-type=\"widget\" data-widget_type=\"heading.default\">\n\t\t\t\t<div class=\"elementor-widget-container\">\n\t\t\t\t\t<h5 class=\"elementor-heading-title elementor-size-default\">Terms and Conditions<\/h5>\t\t\t\t<\/div>\n\t\t\t\t<\/div>\n\t\t\t\t\t<\/div>\n\t\t\t\t<\/div>\n\t\t<div class=\"elementor-element elementor-element-751f89e6 e-flex e-con-boxed e-con e-parent\" data-id=\"751f89e6\" data-element_type=\"container\" data-e-type=\"container\">\n\t\t\t\t\t<div class=\"e-con-inner\">\n\t\t\t\t<div class=\"elementor-element elementor-element-4ef88527 elementor-widget elementor-widget-shortcode\" data-id=\"4ef88527\" data-element_type=\"widget\" data-e-type=\"widget\" data-widget_type=\"shortcode.default\">\n\t\t\t\t<div class=\"elementor-widget-container\">\n\t\t\t\t\t\t\t<div class=\"elementor-shortcode\">\n<!-- This legal document was generated by Complianz Terms &amp; Conditions https:\/\/wordpress.org\/plugins\/complianz-terms-conditions -->\n<div id=\"cmplz-document\" class=\"cmplz-document cmplz-terms-conditions \"><p><i>Odredbe i uslovi su zadnji put a\u017eurirani 11. \u0458\u0443\u043d 2024.<\/i><\/p><h2>1. Uvod<\/h2><p>Ovi Uslovi i odredbe primjenjuju se na ovu web stranicu i na transakcije povezane s na\u0161im proizvodima i uslugama.&nbsp;Mo\u017eda \u0107ete biti vezani dodatnim ugovorima koji se odnose na va\u0161 odnos s nama ili bilo koje proizvode ili usluge koje primate od nas.&nbsp;Ako je bilo koja odredba dodatnih ugovora u suprotnosti sa bilo kojom odredbom ovih Uslova, odredbe ovih dodatnih ugovora \u0107e kontrolisati i imati prednost.<\/p><h2>2. Binding<\/h2><p>Registracijom na ovoj web stranici, pristupanjem ili kori\u0161tenjem na drugi na\u010din, sla\u017eete se da \u0107ete biti vezani ovim Uvjetima i odredbama navedenim u nastavku.&nbsp;Samo kori\u0161tenje ove web stranice podrazumijeva poznavanje i prihva\u0107anje ovih Uvjeta.&nbsp;U nekim posebnim slu\u010dajevima, tako\u0111er mo\u017eemo tra\u017eiti od vas da se izri\u010dito slo\u017eite.<\/p><h2>3. Elektronska komunikacija<\/h2><p>Kori\u0161tenjem ove web stranice ili komunikacijom s nama elektronskim putem, sla\u017eete se i potvr\u0111ujete da mo\u017eemo komunicirati s vama elektroni\u010dkim putem na na\u0161oj web stranici ili slanjem e-po\u0161te vama, i sla\u017eete se da svi ugovori, obavijesti, otkrivanja i druga komunikacija koju mi da vam elektronskim putem udovoljimo svim zakonskim zahtjevima, uklju\u010duju\u0107i, ali ne ograni\u010davaju\u0107i se na zahtjev da takva komunikacija bude u pisanoj formi.<\/p><h2>4. Intelektualno vlasni\u0161tvo<\/h2><p>Mi ili na\u0161i davatelji licenci posjedujemo i kontroliramo sva autorska prava i druga prava intelektualne svojine na web stranici i podatke, informacije i druge resurse prikazane ili dostupne na web stranici.<\/p><p class=\"cmplz-subtitle\">4.1 Sva prava su pridr\u017eana<\/p><p>Osim ako odre\u0111eni sadr\u017eaj ne nala\u017ee druga\u010dije, ne dobijate licencu ili bilo koje drugo pravo prema autorskim pravima, \u017eigovima, patentima ili drugim pravima intelektualne svojine.&nbsp;To zna\u010di da ne\u0107ete koristiti, kopirati, reproducirati, izvoditi, prikazivati, distribuirati, ugra\u0111ivati \u200b\u200bu bilo koji elektronski medij, mijenjati, obrnuti in\u017eenjering, dekompilirati, prenositi, preuzimati, prenositi, unov\u010davati, prodavati, plasirati ili komercijalizirati bilo koje resurse na ovoj web stranici u bilo kom obliku, bez na\u0161e prethodne pismene dozvole, osim i samo u meri u kojoj je druga\u010dije propisano propisima obaveznog zakona (kao \u0161to je pravo na citiranje).<\/p><h2>5. Bilten<\/h2><p>Bez obzira na gore navedeno, na\u0161 bilten mo\u017eete proslijediti u elektronskom obliku drugima koji bi mogli biti zainteresirani za posjetu na\u0161oj web stranici.<\/p><h2>6. Vlasni\u0161tvo tre\u0107e strane<\/h2><p>Na\u0161a web stranica mo\u017ee sadr\u017eavati hiperveze ili druge reference na web stranice drugih strana.&nbsp;Ne pratimo niti pregledavamo sadr\u017eaj web stranica drugih strana na koje su povezani linkovi s ove web stranice.&nbsp;Proizvodi ili usluge koje nude druge web stranice podlije\u017eu primjenjivim Uvjetima i odredbama tih tre\u0107ih strana.&nbsp;Mi\u0161ljenja izra\u017eena ili materijal koji se pojavljuje na tim web stranicama ne dijelimo ili podr\u017eavamo nu\u017eno.<\/p><p>Ne\u0107emo biti odgovorni za bilo kakvu praksu privatnosti ili sadr\u017eaj ovih stranica.&nbsp;Vi snosite sve rizike povezane s kori\u0161tenjem ovih web stranica i svih povezanih usluga tre\u0107ih strana.&nbsp;Ne\u0107emo prihvatiti nikakvu odgovornost za bilo kakav gubitak ili \u0161tetu na bilo koji na\u010din, bez obzira na to koja je nastala, kao rezultat va\u0161eg otkrivanja li\u010dnih podataka tre\u0107im stranama.<\/p><h2>7. Odgovorno kori\u0161tenje<\/h2><p>Posjetom na\u0161e web stranice, sla\u017eete se da \u0107ete je koristiti samo u svrhe namijenjene i dopu\u0161tene ovim Uvjetima, svim dodatnim ugovorima s nama, te primjenjivim zakonima, propisima i op\u0107enito prihva\u0107enim internetskim praksama i smjernicama industrije.&nbsp;Ne smijete koristiti na\u0161u web stranicu ili usluge za kori\u0161tenje, objavljivanje ili distribuciju bilo kojeg materijala koji se sastoji od (ili je povezan sa) zlonamjernog kompjuterskog softvera; koristiti podatke prikupljene s na\u0161e web stranice za bilo koju direktnu marketin\u0161ku aktivnost ili provoditi bilo koje sustavne ili automatizirane aktivnosti prikupljanja podataka na na\u0161oj web stranici ili u vezi s njom.<\/p><p>Strogo je zabranjeno sudjelovanje u bilo kojoj aktivnosti koja uzrokuje ili mo\u017ee uzrokovati \u0161tetu web stranici ili koja ometa rad, dostupnost ili dostupnost web stranice.<\/p><h2>8. Podno\u0161enje ideje<\/h2><p>Nemojte slati ideje, izume, autorska djela ili druge informacije koje se mogu smatrati va\u0161im vlastitim intelektualnim vlasni\u0161tvom koje biste \u017eeljeli da nam predstavite osim ako prethodno nismo potpisali ugovor o intelektualnom vlasni\u0161tvu ili ugovor o neotkrivanju podataka.&nbsp;Ako nam to otkrijete bez takvog pismenog sporazuma, dajete nam svjetsku, neopozivu, neekskluzivnu, besplatnu licencu za kori\u0161tenje, reprodukciju, pohranu, prilago\u0111avanje, objavljivanje, prevo\u0111enje i distribuciju va\u0161eg sadr\u017eaja u bilo kojem postoje\u0107em ili budu\u0107em mediju.<\/p><h2>9. Prestanak upotrebe<\/h2><p>Mo\u017eemo, prema vlastitom naho\u0111enju, u bilo koje vrijeme izmijeniti ili prekinuti pristup, privremeno ili trajno, web stranici ili bilo kojoj usluzi na njoj.&nbsp;Sla\u017eete se da ne\u0107emo biti odgovorni prema vama ili bilo kojoj tre\u0107oj strani za bilo kakvu takvu izmjenu, suspenziju ili prekid va\u0161eg pristupa ili kori\u0161tenja web stranice ili bilo kojeg sadr\u017eaja koji ste mo\u017eda podijelili na web stranici.&nbsp;Ne\u0107ete imati pravo na bilo kakvu kompenzaciju ili drugu isplatu, \u010dak i ako su odre\u0111ene funkcije, postavke i\/ili bilo koji sadr\u017eaj na koji ste doprinijeli ili na koji ste se po\u010deli oslanjati, trajno izgubljeni.&nbsp;Ne smijete zaobi\u0107i ili zaobi\u0107i, niti poku\u0161ati zaobi\u0107i ili zaobi\u0107i bilo koje mjere ograni\u010denja pristupa na na\u0161oj web stranici.<\/p><h2>10. Garancije i odgovornost<\/h2><p>Ni\u0161ta u ovom odeljku ne\u0107e ograni\u010diti ili isklju\u010diti bilo koju garanciju koja je implicirana zakonom da bi bilo nezakonito ograni\u010diti ili isklju\u010diti.&nbsp;Ova web stranica i sav sadr\u017eaj na web stranici pru\u017eaju se na principu \u201ekao \u0161to je\u201c i \u201ekako je dostupno\u201c i mogu uklju\u010divati \u200b\u200bneto\u010dnosti ili tipografske gre\u0161ke.&nbsp;Izri\u010dito se odri\u010demo svih garancija bilo koje vrste, bilo eksplicitnih ili impliciranih, u pogledu dostupnosti, ta\u010dnosti ili potpunosti sadr\u017eaja.&nbsp;Ne dajemo garanciju da:<\/p><p><ul>\n                    <li>ova web stranica ili na\u0161 sadr\u017eaj \u0107e zadovoljiti va\u0161e zahtjeve;<\/li>\n                    <li>ova web stranica \u0107e biti dostupna neprekidno, blagovremeno, bezbedno ili bez gre\u0161aka.<\/li>\n        <\/ul><\/p><p>Ni\u0161ta na ovoj web stranici ne predstavlja niti je namijenjeno bilo kakvom pravnom, finansijskom ili medicinskom savjetu.&nbsp;Ako vam je potreban savjet, obratite se odgovaraju\u0107em stru\u010dnjaku.<\/p><p>Sljede\u0107e odredbe ovog odjeljka primjenjivat \u0107e se u maksimalnoj mjeri dopu\u0161tenoj va\u017ee\u0107im zakonom i ne\u0107e ograni\u010diti ili isklju\u010diti na\u0161u odgovornost u pogledu bilo kojeg pitanja za koje bi bilo nezakonito ili nezakonito da ograni\u010dimo ili isklju\u010dimo na\u0161u odgovornost.&nbsp;Ni u kom slu\u010daju ne\u0107emo biti odgovorni za bilo kakvu direktnu ili indirektnu \u0161tetu (uklju\u010duju\u0107i bilo kakvu \u0161tetu zbog gubitka dobiti ili prihoda, gubitak ili o\u0161te\u0107enje podataka, softvera ili baze podataka, ili gubitak ili \u0161tetu na imovini ili podacima) koju ste vi ili bilo koja tre\u0107a pretrpjeli strana, koja proizilazi iz va\u0161eg pristupa na\u0161oj web stranici ili kori\u0161tenja na\u0161e web stranice.<\/p><p>Osim u mjeri u kojoj je u bilo kojem dodatnom ugovoru izri\u010dito druga\u010dije navedeno, na\u0161a maksimalna odgovornost prema vama za svu \u0161tetu nastalu ili u vezi s web-stranicom ili bilo kojim proizvodima i uslugama koje se prodaju ili prodaju putem web stranice, bez obzira na oblik pravne radnje koja name\u0107e odgovornost ( bilo u ugovoru, pravi\u010dnosti, nemaru, namjernom pona\u0161anju, deliktu ili na neki drugi na\u010din) \u0107e biti ograni\u010den na ukupnu cijenu koju ste nam platili za kupovinu takvih proizvoda ili usluga ili kori\u0161tenje web stranice.&nbsp;Takvo ograni\u010denje \u0107e se primjenjivati \u200b\u200bu zbiru na sve va\u0161e zahtjeve, radnje i uzroke djelovanja svake vrste i prirode.<\/p><h2>11. Privatnost<\/h2><p>Da biste pristupili na\u0161oj web stranici i\/ili uslugama, mo\u017eda \u0107ete morati dati odre\u0111ene podatke o sebi kao dio procesa registracije.&nbsp;Sla\u017eete se da \u0107e sve informacije koje pru\u017eite uvijek biti ta\u010dne, ta\u010dne i a\u017eurirane.<\/p><p>Razvili smo politiku za rje\u0161avanje svih va\u0161ih zabrinutosti u vezi s privatno\u0161\u0107u.&nbsp;For more information, please see our <a href=\"https:\/\/www.avantgard.rs\/privacy-statement-eu\/?cmplz_region_redirect=true\">Privacy Statement<\/a> and our <a href=\"https:\/\/www.avantgard.rs\/cookie-policy-eu\/?cmplz_region_redirect=true\">Cookie Policy<\/a>.<\/p><h2>12. Ograni\u010denja izvoza \/ Zakonska uskla\u0111enost<\/h2><p>Zabranjen je pristup web stranici s teritorija ili zemalja u kojima je sadr\u017eaj ili kupnja proizvoda ili usluga koji se prodaju na web stranici nezakonit.&nbsp;Ne smijete koristiti ovu web stranicu kr\u0161e\u0107i izvozne zakone i propise Bosna i Hercegovina.<\/p><h2>13. Zadatak<\/h2><p>Ne smijete ustupiti, prenijeti ili podugovarati bilo koje od svojih prava i\/ili obaveza prema ovim Uslovima i odredbama, u cijelosti ili djelimi\u010dno, bilo kojoj tre\u0107oj strani bez na\u0161eg prethodnog pismenog pristanka.&nbsp;Svaki navodni zadatak kojim se kr\u0161i ovaj odeljak bi\u0107e neva\u017ee\u0107i.<\/p><h2>14. Kr\u0161enja ovih Odredbi i uvjeta<\/h2><p>Ne dovode\u0107i u pitanje na\u0161a druga prava prema ovim Uvjetima i odredbama, ako na bilo koji na\u010din prekr\u0161ite ove Odredbe i uslove, mo\u017eemo poduzeti radnje koje smatramo prikladnima za rje\u0161avanje kr\u0161enja, uklju\u010duju\u0107i privremenu ili trajnu suspenziju va\u0161eg pristupa web stranici, kontaktiranje va\u0161eg internet provajdera da zatra\u017eite da vam blokiraju pristup web stranici i\/ili pokrenu pravni postupak protiv vas.<\/p><h2>15. Vi\u0161a sila<\/h2><p>Osim obaveza pla\u0107anja novca prema ovom Ugovoru, nikakvo ka\u0161njenje, propust ili propust bilo koje strane da izvr\u0161i ili po\u0161tuje bilo koju od svojih obaveza iz ovog Ugovora ne\u0107e se smatrati kr\u0161enjem ovih Odredbi i uslova ako i dokle god takvo ka\u0161njenje, neuspjeh ili propust proizlazi iz bilo kojeg razloga izvan razumne kontrole te strane.<\/p><h2>16. Obe\u0161te\u0107enje<\/h2><p>Saglasni ste da \u0107ete nas obe\u0161tetiti, braniti i dr\u017eati nas bezopasnim, od i protiv svih potra\u017eivanja, obaveza, \u0161teta, gubitaka i tro\u0161kova, koji se odnose na va\u0161e kr\u0161enje ovih Odredbi i uslova, i va\u017ee\u0107ih zakona, uklju\u010duju\u0107i prava intelektualne svojine i prava na privatnost.&nbsp;Odmah \u0107ete nam nadoknaditi na\u0161u \u0161tetu, gubitke, tro\u0161kove i izdatke koji se odnose na ili proizlaze iz takvih potra\u017eivanja.<\/p><h2>17. Odricanje<\/h2><p>Propust da se sprovede bilo koja od odredbi navedenih u ovim odredbama i uslovima i bilo kom Ugovoru, ili neispunjenje bilo koje opcije za raskid, ne\u0107e se tuma\u010diti kao odricanje od takvih odredbi i ne\u0107e uticati na valjanost ovih odredbi i uslova ili bilo kog drugog Ugovor ili bilo koji njegov dio, ili pravo nakon toga na provo\u0111enje svake odredbe.<\/p><h2>18. Jezik<\/h2><p>Ovi Uslovi i odredbe \u0107e se tuma\u010diti i tuma\u010diti isklju\u010divo u Engleski.&nbsp;Sva obavje\u0161tenja i prepiska \u0107e biti napisana isklju\u010divo na tom jeziku.<\/p><h2>19. Cjelokupni ugovor<\/h2><p>These Terms and Conditions, together with our <a href=\"https:\/\/www.avantgard.rs\/privacy-statement-eu\/?cmplz_region_redirect=true\">privacy statement<\/a> and <a href=\"https:\/\/www.avantgard.rs\/cookie-policy-eu\/?cmplz_region_redirect=true\">cookie policy<\/a>, constitute the entire agreement between you and NENASAL D.O.O in relation to your use of this website.<\/p><h2>20. A\u017euriranje ovih Odredbi i uslova<\/h2><p>Mo\u017eemo s vremena na vrijeme a\u017eurirati ove Uslove i odredbe.&nbsp;Va\u0161a je obaveza da povremeno provjeravate ove Uslove i odredbe za promjene ili a\u017euriranja.&nbsp;Datum naveden na po\u010detku ovih Odredbi i uslova je najnoviji datum revizije.&nbsp;Promjene ovih Odredbi i uslova stupaju na snagu nakon \u0161to takve izmjene budu objavljene na ovoj web stranici.&nbsp;Va\u0161e daljnje kori\u0161tenje ove web stranice nakon objavljivanja izmjena ili a\u017euriranja smatrat \u0107e se obavje\u0161tenjem o va\u0161em prihva\u0107anju da se pridr\u017eavate ovih Odredbi i uslova.<\/p><h2>21. Izbor zakona i nadle\u017enosti<\/h2><p>Ovi Uslovi i odredbe \u0107e biti regulisani zakonima Bosna i Hercegovina.&nbsp;Svi sporovi u vezi sa ovim Odredbama i uslovima podle\u017eu nadle\u017enosti sudova Bosna i Hercegovina.&nbsp;Ako sud ili drugi organ utvrdi da je bilo koji dio ili odredba ovih Odredbi i uslova neva\u017ee\u0107i i\/ili neprimjenjivi prema va\u017ee\u0107em zakonu, takav dio ili odredba \u0107e biti izmijenjeni, obrisani i\/ili primijenjeni u najve\u0107oj dozvoljenoj mjeri kako bi se daju na snagu svrhu ovih Odredbi i uslova.&nbsp;Ostale odredbe ne\u0107e biti pogo\u0111ene.<\/p><h2>22. Kontakt informacije<\/h2><p>Ova web stranica je u vlasni\u0161tvu i kojom upravlja NENASAL D.O.O.<\/p><p>Mo\u017eete nas kontaktirati u vezi sa ovim Uvjetima i odredbama tako \u0161to \u0107ete nam pisati ili poslati e-po\u0161tu na sljede\u0107u adresu: o&#102;&#102;i&#099;e&#064;&#110;e&#110;&#097;&#115;al&#046;c&#111;&#109;<br>Vidovdanska 7, 78400 Gradi\u0161ka<\/p><h2>23. Skinuti<\/h2><p>You can also <a href=\"https:\/\/www.avantgard.rs\/wp-content\/plugins\/complianz-terms-conditions\/download.php\">download<\/a> our Terms and Conditions as a PDF.<\/p><\/div><\/div>\n\t\t\t\t\t\t<\/div>\n\t\t\t\t<\/div>\n\t\t\t\t\t<\/div>\n\t\t\t\t<\/div>\n\t\t\t\t<\/div>\n\t\t","protected":false},"excerpt":{"rendered":"<p>Avantgard Terms and Conditions<\/p>\n","protected":false},"author":2,"featured_media":0,"parent":0,"menu_order":0,"comment_status":"closed","ping_status":"closed","template":"","meta":{"inline_featured_image":false,"footnotes":""},"class_list":["post-11138","page","type-page","status-publish","hentry"],"_links":{"self":[{"href":"https:\/\/www.avantgard.rs\/sr\/wp-json\/wp\/v2\/pages\/11138","targetHints":{"allow":["GET"]}}],"collection":[{"href":"https:\/\/www.avantgard.rs\/sr\/wp-json\/wp\/v2\/pages"}],"about":[{"href":"https:\/\/www.avantgard.rs\/sr\/wp-json\/wp\/v2\/types\/page"}],"author":[{"embeddable":true,"href":"https:\/\/www.avantgard.rs\/sr\/wp-json\/wp\/v2\/users\/2"}],"replies":[{"embeddable":true,"href":"https:\/\/www.avantgard.rs\/sr\/wp-json\/wp\/v2\/comments?post=11138"}],"version-history":[{"count":13,"href":"https:\/\/www.avantgard.rs\/sr\/wp-json\/wp\/v2\/pages\/11138\/revisions"}],"predecessor-version":[{"id":12206,"href":"https:\/\/www.avantgard.rs\/sr\/wp-json\/wp\/v2\/pages\/11138\/revisions\/12206"}],"wp:attachment":[{"href":"https:\/\/www.avantgard.rs\/sr\/wp-json\/wp\/v2\/media?parent=11138"}],"curies":[{"name":"wp","href":"https:\/\/api.w.org\/{rel}","templated":true}]}}