{"id":11105,"date":"2024-06-04T06:47:18","date_gmt":"2024-06-04T06:47:18","guid":{"rendered":"https:\/\/www.avantgard.rs\/logistics\/customs-clearance\/"},"modified":"2025-06-30T11:10:20","modified_gmt":"2025-06-30T11:10:20","slug":"carinjenje","status":"publish","type":"page","link":"https:\/\/www.avantgard.rs\/sr\/logistika\/carinjenje\/","title":{"rendered":"Carinjenje"},"content":{"rendered":"\t\t<div data-elementor-type=\"wp-page\" data-elementor-id=\"11105\" class=\"elementor elementor-11105 elementor-8550\" data-elementor-post-type=\"page\">\n\t\t\t\t<div class=\"elementor-element elementor-element-eb784c9 qodef-elementor e-flex e-con-boxed e-con e-parent\" data-id=\"eb784c9\" data-element_type=\"container\" data-e-type=\"container\" data-settings=\"{&quot;background_background&quot;:&quot;classic&quot;}\">\n\t\t\t\t\t<div class=\"e-con-inner\">\n\t\t\t\t\t<\/div>\n\t\t\t\t<\/div>\n\t\t<div class=\"elementor-element elementor-element-df3de52 qodef-elementor elementor-hidden-mobile e-flex e-con-boxed e-con e-parent\" data-id=\"df3de52\" data-element_type=\"container\" data-e-type=\"container\">\n\t\t\t\t\t<div class=\"e-con-inner\">\n\t\t\t\t<div class=\"elementor-element elementor-element-1b3f582 breadcrumb-text elementor-widget elementor-widget-heading\" data-id=\"1b3f582\" data-element_type=\"widget\" data-e-type=\"widget\" data-widget_type=\"heading.default\">\n\t\t\t\t<div class=\"elementor-widget-container\">\n\t\t\t\t\t<h5 class=\"elementor-heading-title elementor-size-default\"><a href=\"https:\/\/www.avantgard.rs\/sr\/\">Avantgard<\/a><\/h5>\t\t\t\t<\/div>\n\t\t\t\t<\/div>\n\t\t\t\t<div class=\"elementor-element elementor-element-5e39ff3 breadcrumb-text elementor-widget elementor-widget-heading\" data-id=\"5e39ff3\" data-element_type=\"widget\" data-e-type=\"widget\" data-widget_type=\"heading.default\">\n\t\t\t\t<div class=\"elementor-widget-container\">\n\t\t\t\t\t<h5 class=\"elementor-heading-title elementor-size-default\"><a href=\"https:\/\/www.avantgard.rs\/sr\/logistics\/\">Logistika<\/a><\/h5>\t\t\t\t<\/div>\n\t\t\t\t<\/div>\n\t\t\t\t<div class=\"elementor-element elementor-element-8fd3ad9 elementor-widget elementor-widget-heading\" data-id=\"8fd3ad9\" data-element_type=\"widget\" data-e-type=\"widget\" data-widget_type=\"heading.default\">\n\t\t\t\t<div class=\"elementor-widget-container\">\n\t\t\t\t\t<h5 class=\"elementor-heading-title elementor-size-default\">Carinjenje<\/h5>\t\t\t\t<\/div>\n\t\t\t\t<\/div>\n\t\t\t\t\t<\/div>\n\t\t\t\t<\/div>\n\t\t<div class=\"elementor-element elementor-element-797bb26 qodef-elementor e-flex e-con-boxed e-con e-parent\" data-id=\"797bb26\" data-element_type=\"container\" data-e-type=\"container\">\n\t\t\t\t\t<div class=\"e-con-inner\">\n\t\t<div class=\"elementor-element elementor-element-360aa91 e-con-full e-flex e-con e-child\" data-id=\"360aa91\" data-element_type=\"container\" data-e-type=\"container\">\n\t\t\t\t<div class=\"elementor-element elementor-element-9409e7b elementor-widget elementor-widget-heading\" data-id=\"9409e7b\" data-element_type=\"widget\" data-e-type=\"widget\" data-widget_type=\"heading.default\">\n\t\t\t\t<div class=\"elementor-widget-container\">\n\t\t\t\t\t<h2 class=\"elementor-heading-title elementor-size-default\">Carinjenje je klju\u010dni aspekt me\u0111unarodne dostave<\/h2>\t\t\t\t<\/div>\n\t\t\t\t<\/div>\n\t\t\t\t<div class=\"elementor-element elementor-element-cd3b46d elementor-widget elementor-widget-globefarer_core_button\" data-id=\"cd3b46d\" data-element_type=\"widget\" data-e-type=\"widget\" data-widget_type=\"globefarer_core_button.default\">\n\t\t\t\t<div class=\"elementor-widget-container\">\n\t\t\t\t\t<a class=\"qodef-shortcode qodef-m  qodef-button qodef-layout--filled qodef-size--small qodef-html--link\" href=\"https:\/\/www.avantgard.rs\/sr\/kontakt\/\" target=\"_self\"  style=\"color: #FFFFFF\">\n\t\t\t<span class=\"qodef-m-button-icon\"><svg class=\"qodef-svg--plus\" xmlns=\"http:\/\/www.w3.org\/2000\/svg\" xmlns:xlink=\"http:\/\/www.w3.org\/1999\/xlink\" width=\"14\" height=\"14\" viewBox=\"0 0 14 14\"><path class=\"qodef-m-horizontal\" d=\"M0,0H14V2H0Z\" transform=\"translate(0 6)\" \/><path class=\"qodef-m-vertical\" d=\"M0,0H2V14H0Z\" transform=\"translate(6)\" \/><\/svg><\/span>\n\t\t\t\t<span class=\"qodef-m-button-text\">Po\u0161aljite poruku<\/span>\n\t<\/a>\n\t\t\t\t<\/div>\n\t\t\t\t<\/div>\n\t\t\t\t<\/div>\n\t\t<div class=\"elementor-element elementor-element-917a579 e-con-full e-flex e-con e-child\" data-id=\"917a579\" data-element_type=\"container\" data-e-type=\"container\">\n\t\t\t\t<div class=\"elementor-element elementor-element-40b0a43 elementor-widget elementor-widget-text-editor\" data-id=\"40b0a43\" data-element_type=\"widget\" data-e-type=\"widget\" data-widget_type=\"text-editor.default\">\n\t\t\t\t<div class=\"elementor-widget-container\">\n\t\t\t\t\t\t\t\t\t<p><span style=\"font-weight: 400;\">Na\u0161a usluga carinjenja olak\u0161ava i pojednostavljuje proces me\u0111unarodne trgovine. Na\u0161 tim stru\u010dnjaka upravlja svim carinskim dokumentima i uskla\u0111enostima, osiguravaju\u0107i da va\u0161a roba prolazi kroz granice bez pote\u0161ko\u0107a. Klju\u010dne karakteristike uklju\u010duju:<\/span><\/p>\t\t\t\t\t\t\t\t<\/div>\n\t\t\t\t<\/div>\n\t\t\t\t<div class=\"elementor-element elementor-element-2ed059f elementor-widget-divider--view-line elementor-widget elementor-widget-divider\" data-id=\"2ed059f\" data-element_type=\"widget\" data-e-type=\"widget\" data-widget_type=\"divider.default\">\n\t\t\t\t<div class=\"elementor-widget-container\">\n\t\t\t\t\t\t\t<div class=\"elementor-divider\">\n\t\t\t<span class=\"elementor-divider-separator\">\n\t\t\t\t\t\t<\/span>\n\t\t<\/div>\n\t\t\t\t\t\t<\/div>\n\t\t\t\t<\/div>\n\t\t<div class=\"elementor-element elementor-element-e789e71 e-con-full e-flex e-con e-child\" data-id=\"e789e71\" data-element_type=\"container\" data-e-type=\"container\">\n\t\t\t\t<div class=\"elementor-element elementor-element-3ffa57e elementor-icon-list--layout-traditional elementor-list-item-link-full_width elementor-widget elementor-widget-icon-list\" data-id=\"3ffa57e\" data-element_type=\"widget\" data-e-type=\"widget\" data-widget_type=\"icon-list.default\">\n\t\t\t\t<div class=\"elementor-widget-container\">\n\t\t\t\t\t\t\t<ul class=\"elementor-icon-list-items\">\n\t\t\t\t\t\t\t<li class=\"elementor-icon-list-item\">\n\t\t\t\t\t\t\t\t\t\t\t<span class=\"elementor-icon-list-icon\">\n\t\t\t\t\t\t\t<svg aria-hidden=\"true\" class=\"e-font-icon-svg e-fas-check-circle\" viewBox=\"0 0 512 512\" xmlns=\"http:\/\/www.w3.org\/2000\/svg\"><path d=\"M504 256c0 136.967-111.033 248-248 248S8 392.967 8 256 119.033 8 256 8s248 111.033 248 248zM227.314 387.314l184-184c6.248-6.248 6.248-16.379 0-22.627l-22.627-22.627c-6.248-6.249-16.379-6.249-22.628 0L216 308.118l-70.059-70.059c-6.248-6.248-16.379-6.248-22.628 0l-22.627 22.627c-6.248 6.248-6.248 16.379 0 22.627l104 104c6.249 6.249 16.379 6.249 22.628.001z\"><\/path><\/svg>\t\t\t\t\t\t<\/span>\n\t\t\t\t\t\t\t\t\t\t<span class=\"elementor-icon-list-text\">Stru\u010dno upravljanje dokumentacijom: Sveobuhvatno rukovanje papirologijom.<\/span>\n\t\t\t\t\t\t\t\t\t<\/li>\n\t\t\t\t\t\t\t\t<li class=\"elementor-icon-list-item\">\n\t\t\t\t\t\t\t\t\t\t\t<span class=\"elementor-icon-list-icon\">\n\t\t\t\t\t\t\t<svg aria-hidden=\"true\" class=\"e-font-icon-svg e-fas-check-circle\" viewBox=\"0 0 512 512\" xmlns=\"http:\/\/www.w3.org\/2000\/svg\"><path d=\"M504 256c0 136.967-111.033 248-248 248S8 392.967 8 256 119.033 8 256 8s248 111.033 248 248zM227.314 387.314l184-184c6.248-6.248 6.248-16.379 0-22.627l-22.627-22.627c-6.248-6.249-16.379-6.249-22.628 0L216 308.118l-70.059-70.059c-6.248-6.248-16.379-6.248-22.628 0l-22.627 22.627c-6.248 6.248-6.248 16.379 0 22.627l104 104c6.249 6.249 16.379 6.249 22.628.001z\"><\/path><\/svg>\t\t\t\t\t\t<\/span>\n\t\t\t\t\t\t\t\t\t\t<span class=\"elementor-icon-list-text\">Regulatorna uskla\u0111enost: Uskla\u0111enost sa najnovijim zahtjevima.<\/span>\n\t\t\t\t\t\t\t\t\t<\/li>\n\t\t\t\t\t\t\t\t<li class=\"elementor-icon-list-item\">\n\t\t\t\t\t\t\t\t\t\t\t<span class=\"elementor-icon-list-icon\">\n\t\t\t\t\t\t\t<svg aria-hidden=\"true\" class=\"e-font-icon-svg e-fas-check-circle\" viewBox=\"0 0 512 512\" xmlns=\"http:\/\/www.w3.org\/2000\/svg\"><path d=\"M504 256c0 136.967-111.033 248-248 248S8 392.967 8 256 119.033 8 256 8s248 111.033 248 248zM227.314 387.314l184-184c6.248-6.248 6.248-16.379 0-22.627l-22.627-22.627c-6.248-6.249-16.379-6.249-22.628 0L216 308.118l-70.059-70.059c-6.248-6.248-16.379-6.248-22.628 0l-22.627 22.627c-6.248 6.248-6.248 16.379 0 22.627l104 104c6.249 6.249 16.379 6.249 22.628.001z\"><\/path><\/svg>\t\t\t\t\t\t<\/span>\n\t\t\t\t\t\t\t\t\t\t<span class=\"elementor-icon-list-text\">Glatki prelazak granica: Bezbri\u017ena me\u0111unarodna dostava.<\/span>\n\t\t\t\t\t\t\t\t\t<\/li>\n\t\t\t\t\t\t<\/ul>\n\t\t\t\t\t\t<\/div>\n\t\t\t\t<\/div>\n\t\t\t\t<\/div>\n\t\t\t\t<\/div>\n\t\t\t\t\t<\/div>\n\t\t\t\t<\/div>\n\t\t<div class=\"elementor-element elementor-element-86497a5 qodef-elementor e-flex e-con-boxed e-con e-parent\" data-id=\"86497a5\" data-element_type=\"container\" data-e-type=\"container\">\n\t\t\t\t\t<div class=\"e-con-inner\">\n\t\t<div class=\"elementor-element elementor-element-d4ef396 e-con-full e-flex e-con e-child\" data-id=\"d4ef396\" data-element_type=\"container\" data-e-type=\"container\">\n\t\t\t\t<div class=\"elementor-element elementor-element-5c5b8c1 elementor-widget elementor-widget-image\" data-id=\"5c5b8c1\" data-element_type=\"widget\" data-e-type=\"widget\" data-widget_type=\"image.default\">\n\t\t\t\t<div class=\"elementor-widget-container\">\n\t\t\t\t\t\t\t\t\t\t\t\t\t\t\t<img decoding=\"async\" width=\"1024\" height=\"773\" src=\"https:\/\/www.avantgard.rs\/wp-content\/uploads\/2024\/07\/avantgard-custom-clearance-1024x773.webp\" class=\"attachment-large size-large wp-image-11141\" alt=\"\" srcset=\"https:\/\/www.avantgard.rs\/wp-content\/uploads\/2024\/07\/avantgard-custom-clearance-1024x773.webp 1024w, https:\/\/www.avantgard.rs\/wp-content\/uploads\/2024\/07\/avantgard-custom-clearance-300x226.webp 300w, https:\/\/www.avantgard.rs\/wp-content\/uploads\/2024\/07\/avantgard-custom-clearance-768x580.webp 768w, https:\/\/www.avantgard.rs\/wp-content\/uploads\/2024\/07\/avantgard-custom-clearance.webp 1500w\" sizes=\"(max-width: 1024px) 100vw, 1024px\" \/>\t\t\t\t\t\t\t\t\t\t\t\t\t\t\t<\/div>\n\t\t\t\t<\/div>\n\t\t\t\t<\/div>\n\t\t<div class=\"elementor-element elementor-element-fefe972 e-con-full e-flex e-con e-child\" data-id=\"fefe972\" data-element_type=\"container\" data-e-type=\"container\">\n\t\t\t\t<div class=\"elementor-element elementor-element-8665e89 elementor-widget elementor-widget-heading\" data-id=\"8665e89\" data-element_type=\"widget\" data-e-type=\"widget\" data-widget_type=\"heading.default\">\n\t\t\t\t<div class=\"elementor-widget-container\">\n\t\t\t\t\t<h2 class=\"elementor-heading-title elementor-size-default\">Stru\u010dna rje\u0161enja za carinjenje<\/h2>\t\t\t\t<\/div>\n\t\t\t\t<\/div>\n\t\t\t\t<div class=\"elementor-element elementor-element-e11dfd3 elementor-widget elementor-widget-text-editor\" data-id=\"e11dfd3\" data-element_type=\"widget\" data-e-type=\"widget\" data-widget_type=\"text-editor.default\">\n\t\t\t\t<div class=\"elementor-widget-container\">\n\t\t\t\t\t\t\t\t\t<p><span style=\"font-weight: 400;\">Navigacija kroz slo\u017eenosti me\u0111unarodne trgovine mo\u017ee biti izazovna, ali na\u0161a stru\u010dna pomo\u0107 pri carinjenju osigurava besprijekorno i bezbri\u017eno iskustvo za vas. Na\u0161 tim iskusnih profesionalaca specijalizovan je za upravljanje svim aspektima carinske dokumentacije i uskla\u0111enosti, \u010dine\u0107i me\u0111unarodnu dostavu jednostavnom i efikasnom.<\/span><\/p>\n<p><span style=\"font-weight: 400;\">Na\u0161a sveobuhvatna usluga carinjenja je dizajnirana da omogu\u0107i glatke i efikasne prelaze granica. Upravljamo svim, od pripreme i dostave potrebnih papira do preciznog rukovanja regulatornim zahtjevima. Na\u0161i stru\u010dnjaci prate najnovije zakone i najbolje prakse u me\u0111unarodnoj trgovini kako bi osigurali da va\u0161a roba prolazi kroz carinu bez problema.<\/span><\/p>\n<p><span style=\"font-weight: 400;\">Razumijemo da je pravovremena isporuka klju\u010dna za va\u0161e poslovanje. Stoga, na\u0161a rje\u0161enja za carinjenje daju prioritet brzini i ta\u010dnosti, osiguravaju\u0107i da va\u0161a po\u0161iljka bude carinjena i isporu\u010dena na odredi\u0161te na vrijeme. Koriste\u0107i na\u0161e opse\u017eno znanje i najnoviju tehnologiju, izbjegavamo ka\u0161njenja i optimizujemo proces carinjenja.<\/span><\/p>\t\t\t\t\t\t\t\t<\/div>\n\t\t\t\t<\/div>\n\t\t\t\t<\/div>\n\t\t\t\t\t<\/div>\n\t\t\t\t<\/div>\n\t\t\t\t<\/div>\n\t\t","protected":false},"excerpt":{"rendered":"<p>Avantgard Logistika Carinjenje Carinjenje je klju\u010dni aspekt me\u0111unarodne dostave Po\u0161aljite poruku Na\u0161a usluga carinjenja olak\u0161ava i pojednostavljuje proces me\u0111unarodne trgovine. Na\u0161 tim stru\u010dnjaka upravlja svim carinskim dokumentima i uskla\u0111enostima, osiguravaju\u0107i da va\u0161a roba prolazi kroz granice bez pote\u0161ko\u0107a. Klju\u010dne karakteristike uklju\u010duju: Stru\u010dno upravljanje dokumentacijom: Sveobuhvatno rukovanje papirologijom. Regulatorna uskla\u0111enost: Uskla\u0111enost sa najnovijim zahtjevima. Glatki prelazak [&hellip;]<\/p>\n","protected":false},"author":3,"featured_media":0,"parent":11086,"menu_order":0,"comment_status":"closed","ping_status":"closed","template":"","meta":{"inline_featured_image":false,"footnotes":""},"class_list":["post-11105","page","type-page","status-publish","hentry"],"_links":{"self":[{"href":"https:\/\/www.avantgard.rs\/sr\/wp-json\/wp\/v2\/pages\/11105","targetHints":{"allow":["GET"]}}],"collection":[{"href":"https:\/\/www.avantgard.rs\/sr\/wp-json\/wp\/v2\/pages"}],"about":[{"href":"https:\/\/www.avantgard.rs\/sr\/wp-json\/wp\/v2\/types\/page"}],"author":[{"embeddable":true,"href":"https:\/\/www.avantgard.rs\/sr\/wp-json\/wp\/v2\/users\/3"}],"replies":[{"embeddable":true,"href":"https:\/\/www.avantgard.rs\/sr\/wp-json\/wp\/v2\/comments?post=11105"}],"version-history":[{"count":23,"href":"https:\/\/www.avantgard.rs\/sr\/wp-json\/wp\/v2\/pages\/11105\/revisions"}],"predecessor-version":[{"id":12194,"href":"https:\/\/www.avantgard.rs\/sr\/wp-json\/wp\/v2\/pages\/11105\/revisions\/12194"}],"up":[{"embeddable":true,"href":"https:\/\/www.avantgard.rs\/sr\/wp-json\/wp\/v2\/pages\/11086"}],"wp:attachment":[{"href":"https:\/\/www.avantgard.rs\/sr\/wp-json\/wp\/v2\/media?parent=11105"}],"curies":[{"name":"wp","href":"https:\/\/api.w.org\/{rel}","templated":true}]}}