{"id":11065,"date":"2021-08-09T12:35:00","date_gmt":"2021-08-09T12:35:00","guid":{"rendered":"https:\/\/www.avantgard.rs\/about-us\/our-clients\/"},"modified":"2024-07-31T12:57:58","modified_gmt":"2024-07-31T12:57:58","slug":"nasi-klijenti","status":"publish","type":"page","link":"https:\/\/www.avantgard.rs\/sr\/o-nama\/nasi-klijenti\/","title":{"rendered":"Na\u0161i klijenti"},"content":{"rendered":"\t\t<div data-elementor-type=\"wp-page\" data-elementor-id=\"11065\" class=\"elementor elementor-11065 elementor-3094\" data-elementor-post-type=\"page\">\n\t\t\t\t<div class=\"elementor-element elementor-element-0f24b22 e-flex e-con-boxed e-con e-parent\" data-id=\"0f24b22\" data-element_type=\"container\" data-e-type=\"container\" data-settings=\"{&quot;background_background&quot;:&quot;classic&quot;}\">\n\t\t\t\t\t<div class=\"e-con-inner\">\n\t\t\t\t\t<\/div>\n\t\t\t\t<\/div>\n\t\t<div class=\"elementor-element elementor-element-b8e96a2 elementor-hidden-mobile e-flex e-con-boxed e-con e-parent\" data-id=\"b8e96a2\" data-element_type=\"container\" data-e-type=\"container\" data-settings=\"{&quot;background_background&quot;:&quot;classic&quot;}\">\n\t\t\t\t\t<div class=\"e-con-inner\">\n\t\t\t\t<div class=\"elementor-element elementor-element-e3425f7 breadcrumb-text elementor-widget elementor-widget-heading\" data-id=\"e3425f7\" data-element_type=\"widget\" data-e-type=\"widget\" data-widget_type=\"heading.default\">\n\t\t\t\t<div class=\"elementor-widget-container\">\n\t\t\t\t\t<h5 class=\"elementor-heading-title elementor-size-default\"><a href=\"https:\/\/www.avantgard.rs\/sr\/\">Avantgard<\/a><\/h5>\t\t\t\t<\/div>\n\t\t\t\t<\/div>\n\t\t\t\t<div class=\"elementor-element elementor-element-34af291 elementor-widget elementor-widget-heading\" data-id=\"34af291\" data-element_type=\"widget\" data-e-type=\"widget\" data-widget_type=\"heading.default\">\n\t\t\t\t<div class=\"elementor-widget-container\">\n\t\t\t\t\t<h5 class=\"elementor-heading-title elementor-size-default\">Na\u0161i klijenti<\/h5>\t\t\t\t<\/div>\n\t\t\t\t<\/div>\n\t\t\t\t\t<\/div>\n\t\t\t\t<\/div>\n\t\t\t\t<section class=\"elementor-section elementor-top-section elementor-element elementor-element-f5a7570 elementor-section-full_width elementor-reverse-tablet elementor-reverse-mobile qodef-elementor-content-grid elementor-section-height-default elementor-section-height-default\" data-id=\"f5a7570\" data-element_type=\"section\" data-e-type=\"section\" data-settings=\"{&quot;background_background&quot;:&quot;classic&quot;}\">\n\t\t\t\t\t\t<div class=\"elementor-container elementor-column-gap-no\">\n\t\t\t\t\t<div class=\"elementor-column elementor-col-100 elementor-top-column elementor-element elementor-element-764306d\" data-id=\"764306d\" data-element_type=\"column\" data-e-type=\"column\">\n\t\t\t<div class=\"elementor-widget-wrap elementor-element-populated\">\n\t\t\t\t\t\t<div class=\"elementor-element elementor-element-8e9a0a1 elementor-widget elementor-widget-globefarer_core_section_title\" data-id=\"8e9a0a1\" data-element_type=\"widget\" data-e-type=\"widget\" data-widget_type=\"globefarer_core_section_title.default\">\n\t\t\t\t<div class=\"elementor-widget-container\">\n\t\t\t\t\t<div class=\"qodef-shortcode qodef-m  qodef-section-title qodef-alignment--left   qodef-appear-animation--no\">\n\t\t\t<h2 class=\"qodef-m-title\" style=\"color: #161E2D\">\n\t\t\t\t\tIzgradnja sna\u017enih i dugotrajnih odnosa\t\t\t<\/h2>\n\t\t<\/div>\n\t\t\t\t<\/div>\n\t\t\t\t<\/div>\n\t\t\t\t<div class=\"elementor-element elementor-element-0e90c53 elementor-widget elementor-widget-text-editor\" data-id=\"0e90c53\" data-element_type=\"widget\" data-e-type=\"widget\" data-widget_type=\"text-editor.default\">\n\t\t\t\t<div class=\"elementor-widget-container\">\n\t\t\t\t\t\t\t\t\t<p><span style=\"font-weight: 400;\">U Avantgardu se ponosimo sna\u017enim i dugotrajnim odnosima koje gradimo s na\u0161im klijentima. Na\u0161a posve\u0107enost pru\u017eanju izuzetnih logisti\u010dkih i transportnih usluga stekla je povjerenje i lojalnost brojnih klijenata iz razli\u010ditih industrija. Posve\u0107eni smo razumijevanju jedinstvenih potreba svakog klijenta i pru\u017eanju prilago\u0111enih rje\u0161enja koja nadma\u0161uju njihova o\u010dekivanja.<\/span><\/p><p>\u00a0<\/p><p>\u00a0<\/p>\t\t\t\t\t\t\t\t<\/div>\n\t\t\t\t<\/div>\n\t\t\t\t<div class=\"elementor-element elementor-element-43187b9 elementor-widget elementor-widget-globefarer_core_section_title\" data-id=\"43187b9\" data-element_type=\"widget\" data-e-type=\"widget\" data-widget_type=\"globefarer_core_section_title.default\">\n\t\t\t\t<div class=\"elementor-widget-container\">\n\t\t\t\t\t<div class=\"qodef-shortcode qodef-m  qodef-section-title qodef-alignment--left   qodef-appear-animation--no\">\n\t\t\t<h2 class=\"qodef-m-title\" style=\"color: #161E2D\">\n\t\t\t\t\tZa\u0161to nas na\u0161i klijenti biraju:\t\t\t<\/h2>\n\t\t<\/div>\n\t\t\t\t<\/div>\n\t\t\t\t<\/div>\n\t\t\t\t\t<\/div>\n\t\t<\/div>\n\t\t\t\t\t<\/div>\n\t\t<\/section>\n\t\t\t\t<section class=\"elementor-section elementor-top-section elementor-element elementor-element-528e954 qodef-elementor-content-grid elementor-section-boxed elementor-section-height-default elementor-section-height-default\" data-id=\"528e954\" data-element_type=\"section\" data-e-type=\"section\" data-settings=\"{&quot;background_background&quot;:&quot;classic&quot;}\">\n\t\t\t\t\t\t<div class=\"elementor-container elementor-column-gap-no\">\n\t\t\t\t\t<div class=\"elementor-column elementor-col-25 elementor-top-column elementor-element elementor-element-ede660c\" data-id=\"ede660c\" data-element_type=\"column\" data-e-type=\"column\">\n\t\t\t<div class=\"elementor-widget-wrap elementor-element-populated\">\n\t\t\t\t\t\t<div class=\"elementor-element elementor-element-c6f8621 elementor-view-default elementor-position-block-start elementor-mobile-position-block-start elementor-widget elementor-widget-icon-box\" data-id=\"c6f8621\" data-element_type=\"widget\" data-e-type=\"widget\" data-widget_type=\"icon-box.default\">\n\t\t\t\t<div class=\"elementor-widget-container\">\n\t\t\t\t\t\t\t<div class=\"elementor-icon-box-wrapper\">\n\n\t\t\t\t\t\t<div class=\"elementor-icon-box-icon\">\n\t\t\t\t<span  class=\"elementor-icon elementor-animation-pulse-shrink\">\n\t\t\t\t<svg aria-hidden=\"true\" class=\"e-font-icon-svg e-fas-truck\" viewBox=\"0 0 640 512\" xmlns=\"http:\/\/www.w3.org\/2000\/svg\"><path d=\"M624 352h-16V243.9c0-12.7-5.1-24.9-14.1-33.9L494 110.1c-9-9-21.2-14.1-33.9-14.1H416V48c0-26.5-21.5-48-48-48H48C21.5 0 0 21.5 0 48v320c0 26.5 21.5 48 48 48h16c0 53 43 96 96 96s96-43 96-96h128c0 53 43 96 96 96s96-43 96-96h48c8.8 0 16-7.2 16-16v-32c0-8.8-7.2-16-16-16zM160 464c-26.5 0-48-21.5-48-48s21.5-48 48-48 48 21.5 48 48-21.5 48-48 48zm320 0c-26.5 0-48-21.5-48-48s21.5-48 48-48 48 21.5 48 48-21.5 48-48 48zm80-208H416V144h44.1l99.9 99.9V256z\"><\/path><\/svg>\t\t\t\t<\/span>\n\t\t\t<\/div>\n\t\t\t\n\t\t\t\t\t\t<div class=\"elementor-icon-box-content\">\n\n\t\t\t\t\t\t\t\t\t<h4 class=\"elementor-icon-box-title\">\n\t\t\t\t\t\t<span  >\n\t\t\t\t\t\t\tPouzdanost\t\t\t\t\t\t<\/span>\n\t\t\t\t\t<\/h4>\n\t\t\t\t\n\t\t\t\t\t\t\t\t\t<p class=\"elementor-icon-box-description\">\n\t\t\t\t\t\tOsiguravamo pravovremenu i sigurnu isporuku robe, bez obzira na odredi\u0161te.\t\t\t\t\t<\/p>\n\t\t\t\t\n\t\t\t<\/div>\n\t\t\t\n\t\t<\/div>\n\t\t\t\t\t\t<\/div>\n\t\t\t\t<\/div>\n\t\t\t\t\t<\/div>\n\t\t<\/div>\n\t\t\t\t<div class=\"elementor-column elementor-col-25 elementor-top-column elementor-element elementor-element-13f579f\" data-id=\"13f579f\" data-element_type=\"column\" data-e-type=\"column\">\n\t\t\t<div class=\"elementor-widget-wrap elementor-element-populated\">\n\t\t\t\t\t\t<div class=\"elementor-element elementor-element-7ea00df elementor-view-default elementor-position-block-start elementor-mobile-position-block-start elementor-widget elementor-widget-icon-box\" data-id=\"7ea00df\" data-element_type=\"widget\" data-e-type=\"widget\" data-widget_type=\"icon-box.default\">\n\t\t\t\t<div class=\"elementor-widget-container\">\n\t\t\t\t\t\t\t<div class=\"elementor-icon-box-wrapper\">\n\n\t\t\t\t\t\t<div class=\"elementor-icon-box-icon\">\n\t\t\t\t<span  class=\"elementor-icon elementor-animation-pulse-shrink\">\n\t\t\t\t<svg aria-hidden=\"true\" class=\"e-font-icon-svg e-fas-book\" viewBox=\"0 0 448 512\" xmlns=\"http:\/\/www.w3.org\/2000\/svg\"><path d=\"M448 360V24c0-13.3-10.7-24-24-24H96C43 0 0 43 0 96v320c0 53 43 96 96 96h328c13.3 0 24-10.7 24-24v-16c0-7.5-3.5-14.3-8.9-18.7-4.2-15.4-4.2-59.3 0-74.7 5.4-4.3 8.9-11.1 8.9-18.6zM128 134c0-3.3 2.7-6 6-6h212c3.3 0 6 2.7 6 6v20c0 3.3-2.7 6-6 6H134c-3.3 0-6-2.7-6-6v-20zm0 64c0-3.3 2.7-6 6-6h212c3.3 0 6 2.7 6 6v20c0 3.3-2.7 6-6 6H134c-3.3 0-6-2.7-6-6v-20zm253.4 250H96c-17.7 0-32-14.3-32-32 0-17.6 14.4-32 32-32h285.4c-1.9 17.1-1.9 46.9 0 64z\"><\/path><\/svg>\t\t\t\t<\/span>\n\t\t\t<\/div>\n\t\t\t\n\t\t\t\t\t\t<div class=\"elementor-icon-box-content\">\n\n\t\t\t\t\t\t\t\t\t<h4 class=\"elementor-icon-box-title\">\n\t\t\t\t\t\t<span  >\n\t\t\t\t\t\t\tStru\u010dnost\t\t\t\t\t\t<\/span>\n\t\t\t\t\t<\/h4>\n\t\t\t\t\n\t\t\t\t\t\t\t\t\t<p class=\"elementor-icon-box-description\">\n\t\t\t\t\t\tNa\u0161 tim profesionalaca donosi opse\u017eno znanje i iskustvo u svakoj situaciji.\t\t\t\t\t<\/p>\n\t\t\t\t\n\t\t\t<\/div>\n\t\t\t\n\t\t<\/div>\n\t\t\t\t\t\t<\/div>\n\t\t\t\t<\/div>\n\t\t\t\t\t<\/div>\n\t\t<\/div>\n\t\t\t\t<div class=\"elementor-column elementor-col-25 elementor-top-column elementor-element elementor-element-efb92a1\" data-id=\"efb92a1\" data-element_type=\"column\" data-e-type=\"column\">\n\t\t\t<div class=\"elementor-widget-wrap elementor-element-populated\">\n\t\t\t\t\t\t<div class=\"elementor-element elementor-element-f876e0d elementor-view-default elementor-position-block-start elementor-mobile-position-block-start elementor-widget elementor-widget-icon-box\" data-id=\"f876e0d\" data-element_type=\"widget\" data-e-type=\"widget\" data-widget_type=\"icon-box.default\">\n\t\t\t\t<div class=\"elementor-widget-container\">\n\t\t\t\t\t\t\t<div class=\"elementor-icon-box-wrapper\">\n\n\t\t\t\t\t\t<div class=\"elementor-icon-box-icon\">\n\t\t\t\t<span  class=\"elementor-icon elementor-animation-pulse-shrink\">\n\t\t\t\t<svg aria-hidden=\"true\" class=\"e-font-icon-svg e-fas-hands-helping\" viewBox=\"0 0 640 512\" xmlns=\"http:\/\/www.w3.org\/2000\/svg\"><path d=\"M488 192H336v56c0 39.7-32.3 72-72 72s-72-32.3-72-72V126.4l-64.9 39C107.8 176.9 96 197.8 96 220.2v47.3l-80 46.2C.7 322.5-4.6 342.1 4.3 357.4l80 138.6c8.8 15.3 28.4 20.5 43.7 11.7L231.4 448H368c35.3 0 64-28.7 64-64h16c17.7 0 32-14.3 32-32v-64h8c13.3 0 24-10.7 24-24v-48c0-13.3-10.7-24-24-24zm147.7-37.4L555.7 16C546.9.7 527.3-4.5 512 4.3L408.6 64H306.4c-12 0-23.7 3.4-33.9 9.7L239 94.6c-9.4 5.8-15 16.1-15 27.1V248c0 22.1 17.9 40 40 40s40-17.9 40-40v-88h184c30.9 0 56 25.1 56 56v28.5l80-46.2c15.3-8.9 20.5-28.4 11.7-43.7z\"><\/path><\/svg>\t\t\t\t<\/span>\n\t\t\t<\/div>\n\t\t\t\n\t\t\t\t\t\t<div class=\"elementor-icon-box-content\">\n\n\t\t\t\t\t\t\t\t\t<h4 class=\"elementor-icon-box-title\">\n\t\t\t\t\t\t<span  >\n\t\t\t\t\t\t\tInovacija\t\t\t\t\t\t<\/span>\n\t\t\t\t\t<\/h4>\n\t\t\t\t\n\t\t\t\t\t\t\t\t\t<p class=\"elementor-icon-box-description\">\n\t\t\t\t\t\tKoristimo najnoviju tehnologiju za optimizaciju na\u0161ih usluga i pru\u017eanje a\u017euriranja u stvarnom vremenu.\t\t\t\t\t<\/p>\n\t\t\t\t\n\t\t\t<\/div>\n\t\t\t\n\t\t<\/div>\n\t\t\t\t\t\t<\/div>\n\t\t\t\t<\/div>\n\t\t\t\t\t<\/div>\n\t\t<\/div>\n\t\t\t\t<div class=\"elementor-column elementor-col-25 elementor-top-column elementor-element elementor-element-c18b28b\" data-id=\"c18b28b\" data-element_type=\"column\" data-e-type=\"column\">\n\t\t\t<div class=\"elementor-widget-wrap elementor-element-populated\">\n\t\t\t\t\t\t<div class=\"elementor-element elementor-element-80b7307 elementor-view-default elementor-position-block-start elementor-mobile-position-block-start elementor-widget elementor-widget-icon-box\" data-id=\"80b7307\" data-element_type=\"widget\" data-e-type=\"widget\" data-widget_type=\"icon-box.default\">\n\t\t\t\t<div class=\"elementor-widget-container\">\n\t\t\t\t\t\t\t<div class=\"elementor-icon-box-wrapper\">\n\n\t\t\t\t\t\t<div class=\"elementor-icon-box-icon\">\n\t\t\t\t<span  class=\"elementor-icon elementor-animation-pulse-shrink\">\n\t\t\t\t<svg aria-hidden=\"true\" class=\"e-font-icon-svg e-fas-address-card\" viewBox=\"0 0 576 512\" xmlns=\"http:\/\/www.w3.org\/2000\/svg\"><path d=\"M528 32H48C21.5 32 0 53.5 0 80v352c0 26.5 21.5 48 48 48h480c26.5 0 48-21.5 48-48V80c0-26.5-21.5-48-48-48zm-352 96c35.3 0 64 28.7 64 64s-28.7 64-64 64-64-28.7-64-64 28.7-64 64-64zm112 236.8c0 10.6-10 19.2-22.4 19.2H86.4C74 384 64 375.4 64 364.8v-19.2c0-31.8 30.1-57.6 67.2-57.6h5c12.3 5.1 25.7 8 39.8 8s27.6-2.9 39.8-8h5c37.1 0 67.2 25.8 67.2 57.6v19.2zM512 312c0 4.4-3.6 8-8 8H360c-4.4 0-8-3.6-8-8v-16c0-4.4 3.6-8 8-8h144c4.4 0 8 3.6 8 8v16zm0-64c0 4.4-3.6 8-8 8H360c-4.4 0-8-3.6-8-8v-16c0-4.4 3.6-8 8-8h144c4.4 0 8 3.6 8 8v16zm0-64c0 4.4-3.6 8-8 8H360c-4.4 0-8-3.6-8-8v-16c0-4.4 3.6-8 8-8h144c4.4 0 8 3.6 8 8v16z\"><\/path><\/svg>\t\t\t\t<\/span>\n\t\t\t<\/div>\n\t\t\t\n\t\t\t\t\t\t<div class=\"elementor-icon-box-content\">\n\n\t\t\t\t\t\t\t\t\t<h4 class=\"elementor-icon-box-title\">\n\t\t\t\t\t\t<span  >\n\t\t\t\t\t\t\tKorisni\u010dka podr\u0161ka\t\t\t\t\t\t<\/span>\n\t\t\t\t\t<\/h4>\n\t\t\t\t\n\t\t\t\t\t\t\t\t\t<p class=\"elementor-icon-box-description\">\n\t\t\t\t\t\tNa\u0161 tim za podr\u0161ku je uvijek dostupan da pomogne i pru\u017ei rje\u0161enja za sve izazove.\t\t\t\t\t<\/p>\n\t\t\t\t\n\t\t\t<\/div>\n\t\t\t\n\t\t<\/div>\n\t\t\t\t\t\t<\/div>\n\t\t\t\t<\/div>\n\t\t\t\t\t<\/div>\n\t\t<\/div>\n\t\t\t\t\t<\/div>\n\t\t<\/section>\n\t\t\t\t<section class=\"elementor-section elementor-top-section elementor-element elementor-element-523548c elementor-section-full_width elementor-section-height-default elementor-section-height-default qodef-elementor-content-no\" data-id=\"523548c\" data-element_type=\"section\" data-e-type=\"section\" data-settings=\"{&quot;background_background&quot;:&quot;classic&quot;}\">\n\t\t\t\t\t\t<div class=\"elementor-container elementor-column-gap-no\">\n\t\t\t\t\t<div class=\"elementor-column elementor-col-100 elementor-top-column elementor-element elementor-element-487a49c\" data-id=\"487a49c\" data-element_type=\"column\" data-e-type=\"column\">\n\t\t\t<div class=\"elementor-widget-wrap elementor-element-populated\">\n\t\t\t\t\t\t<div class=\"elementor-element elementor-element-2a01b91 elementor-widget elementor-widget-heading\" data-id=\"2a01b91\" data-element_type=\"widget\" data-e-type=\"widget\" data-widget_type=\"heading.default\">\n\t\t\t\t<div class=\"elementor-widget-container\">\n\t\t\t\t\t<h2 class=\"elementor-heading-title elementor-size-default\">Avantgard clients<\/h2>\t\t\t\t<\/div>\n\t\t\t\t<\/div>\n\t\t\t\t<div class=\"elementor-element elementor-element-4ae986a elementor-widget elementor-widget-globefarer_core_clients_list\" data-id=\"4ae986a\" data-element_type=\"widget\" data-e-type=\"widget\" data-widget_type=\"globefarer_core_clients_list.default\">\n\t\t\t\t<div class=\"elementor-widget-container\">\n\t\t\t\t\t<div class=\"qodef-shortcode qodef-m  qodef-clients-list qodef-grid qodef-layout--columns  qodef-gutter--no qodef-col-num--4 qodef-item-layout--image-only qodef-responsive--custom qodef-col-num--1440--4 qodef-col-num--1366--4 qodef-col-num--1024--2 qodef-col-num--768--2 qodef-col-num--680--1 qodef-col-num--480--1 qodef-hover-animation--fade-in\">\n\t<div class=\"qodef-grid-inner clear\">\n\t\t<span class=\"qodef-e qodef-grid-item \">\n\t<span class=\"qodef-e-inner\" style=\"outline-color: #FFFFFF26\">\n\t\t\t<span class=\"qodef-e-image\">\n\t\t\t\t\t\t\t<span class=\"qodef-e-hover-logo\">\n\t\t\t\t\t<img decoding=\"async\" width=\"600\" height=\"438\" src=\"https:\/\/www.avantgard.rs\/wp-content\/uploads\/2021\/08\/miljkovic-1.jpeg\" class=\"attachment-full size-full\" alt=\"miljkovic\" srcset=\"https:\/\/www.avantgard.rs\/wp-content\/uploads\/2021\/08\/miljkovic-1.jpeg 600w, https:\/\/www.avantgard.rs\/wp-content\/uploads\/2021\/08\/miljkovic-1-300x219.jpeg 300w\" sizes=\"(max-width: 600px) 100vw, 600px\" \/>\t\t\t\t<\/span>\n\t\t\t\t\t\t\t\t\t\t<span class=\"qodef-e-logo\">\n\t\t\t\t\t<img decoding=\"async\" width=\"1015\" height=\"292\" src=\"https:\/\/www.avantgard.rs\/wp-content\/uploads\/2021\/08\/miljkovic-logo-1-1-1.svg\" class=\"attachment-full size-full\" alt=\"miljkovic-logo\" \/>\t\t\t\t<\/span>\n\t\t\t\t\t\t\t\t<a itemprop=\"url\" href=\"https:\/\/www.miljkovic.ba\/\" target=\"_blank\" rel=\"noopener\"><\/a>\n\t\t\t<\/span>\n\t<\/span>\n<\/span>\n<span class=\"qodef-e qodef-grid-item \">\n\t<span class=\"qodef-e-inner\" style=\"outline-color: #FFFFFF26\">\n\t\t\t<span class=\"qodef-e-image\">\n\t\t\t\t\t\t\t<span class=\"qodef-e-hover-logo\">\n\t\t\t\t\t<img decoding=\"async\" width=\"600\" height=\"438\" src=\"https:\/\/www.avantgard.rs\/wp-content\/uploads\/2021\/08\/photoseller.jpg\" class=\"attachment-full size-full\" alt=\"photoseller\" srcset=\"https:\/\/www.avantgard.rs\/wp-content\/uploads\/2021\/08\/photoseller.jpg 600w, https:\/\/www.avantgard.rs\/wp-content\/uploads\/2021\/08\/photoseller-300x219.jpg 300w\" sizes=\"(max-width: 600px) 100vw, 600px\" \/>\t\t\t\t<\/span>\n\t\t\t\t\t\t\t\t\t\t<span class=\"qodef-e-logo\">\n\t\t\t\t\t<img decoding=\"async\" width=\"400\" height=\"150\" src=\"https:\/\/www.avantgard.rs\/wp-content\/uploads\/2021\/08\/photo-seller-white-logo.svg\" class=\"attachment-full size-full\" alt=\"photo-seller-white\" \/>\t\t\t\t<\/span>\n\t\t\t\t\t\t\t\t<a itemprop=\"url\" href=\"https:\/\/photoseller.me\/\" target=\"_blank\" rel=\"noopener\"><\/a>\n\t\t\t<\/span>\n\t<\/span>\n<\/span>\n<span class=\"qodef-e qodef-grid-item \">\n\t<span class=\"qodef-e-inner\" style=\"outline-color: #FFFFFF26\">\n\t\t\t<span class=\"qodef-e-image\">\n\t\t\t\t\t\t\t<span class=\"qodef-e-hover-logo\">\n\t\t\t\t\t<img decoding=\"async\" width=\"600\" height=\"438\" src=\"https:\/\/www.avantgard.rs\/wp-content\/uploads\/2021\/08\/nenasal.jpg\" class=\"attachment-full size-full\" alt=\"nenasal\" srcset=\"https:\/\/www.avantgard.rs\/wp-content\/uploads\/2021\/08\/nenasal.jpg 600w, https:\/\/www.avantgard.rs\/wp-content\/uploads\/2021\/08\/nenasal-300x219.jpg 300w\" sizes=\"(max-width: 600px) 100vw, 600px\" \/>\t\t\t\t<\/span>\n\t\t\t\t\t\t\t\t\t\t<span class=\"qodef-e-logo\">\n\t\t\t\t\t<img decoding=\"async\" width=\"609\" height=\"187\" src=\"https:\/\/www.avantgard.rs\/wp-content\/uploads\/2021\/08\/Logo.svg\" class=\"attachment-full size-full\" alt=\"Logo\" \/>\t\t\t\t<\/span>\n\t\t\t\t\t\t\t\t<a itemprop=\"url\" href=\"https:\/\/www.nenasal.com\/\" target=\"_blank\" rel=\"noopener\"><\/a>\n\t\t\t<\/span>\n\t<\/span>\n<\/span>\n<span class=\"qodef-e qodef-grid-item \">\n\t<span class=\"qodef-e-inner\" style=\"outline-color: #FFFFFF26\">\n\t\t\t<span class=\"qodef-e-image\">\n\t\t\t\t\t\t\t<span class=\"qodef-e-hover-logo\">\n\t\t\t\t\t<img decoding=\"async\" width=\"600\" height=\"438\" src=\"https:\/\/www.avantgard.rs\/wp-content\/uploads\/2021\/08\/abakus-1.jpg\" class=\"attachment-full size-full\" alt=\"abakus\" srcset=\"https:\/\/www.avantgard.rs\/wp-content\/uploads\/2021\/08\/abakus-1.jpg 600w, https:\/\/www.avantgard.rs\/wp-content\/uploads\/2021\/08\/abakus-1-300x219.jpg 300w\" sizes=\"(max-width: 600px) 100vw, 600px\" \/>\t\t\t\t<\/span>\n\t\t\t\t\t\t\t\t\t\t<span class=\"qodef-e-logo\">\n\t\t\t\t\t<img decoding=\"async\" width=\"1115\" height=\"350\" src=\"https:\/\/www.avantgard.rs\/wp-content\/uploads\/2021\/08\/abakus.png\" class=\"attachment-full size-full\" alt=\"abakus\" srcset=\"https:\/\/www.avantgard.rs\/wp-content\/uploads\/2021\/08\/abakus.png 1115w, https:\/\/www.avantgard.rs\/wp-content\/uploads\/2021\/08\/abakus-300x94.png 300w, https:\/\/www.avantgard.rs\/wp-content\/uploads\/2021\/08\/abakus-1024x321.png 1024w, https:\/\/www.avantgard.rs\/wp-content\/uploads\/2021\/08\/abakus-768x241.png 768w\" sizes=\"(max-width: 1115px) 100vw, 1115px\" \/>\t\t\t\t<\/span>\n\t\t\t\t\t\t\t\t<a itemprop=\"url\" href=\"https:\/\/abakuslogistics.pl\/\" target=\"_blank\" rel=\"noopener\"><\/a>\n\t\t\t<\/span>\n\t<\/span>\n<\/span>\n\t<\/div>\n<\/div>\n\t\t\t\t<\/div>\n\t\t\t\t<\/div>\n\t\t\t\t\t<\/div>\n\t\t<\/div>\n\t\t\t\t\t<\/div>\n\t\t<\/section>\n\t\t\t\t<\/div>\n\t\t","protected":false},"excerpt":{"rendered":"<p>Avantgard Na\u0161i klijenti Izgradnja sna\u017enih i dugotrajnih odnosa U Avantgardu se ponosimo sna\u017enim i dugotrajnim odnosima koje gradimo s na\u0161im klijentima. Na\u0161a posve\u0107enost pru\u017eanju izuzetnih logisti\u010dkih i transportnih usluga stekla je povjerenje i lojalnost brojnih klijenata iz razli\u010ditih industrija. Posve\u0107eni smo razumijevanju jedinstvenih potreba svakog klijenta i pru\u017eanju prilago\u0111enih rje\u0161enja koja nadma\u0161uju njihova o\u010dekivanja. \u00a0 [&hellip;]<\/p>\n","protected":false},"author":1,"featured_media":0,"parent":11047,"menu_order":0,"comment_status":"closed","ping_status":"closed","template":"page-full-width.php","meta":{"inline_featured_image":false,"footnotes":""},"class_list":["post-11065","page","type-page","status-publish","hentry"],"_links":{"self":[{"href":"https:\/\/www.avantgard.rs\/sr\/wp-json\/wp\/v2\/pages\/11065","targetHints":{"allow":["GET"]}}],"collection":[{"href":"https:\/\/www.avantgard.rs\/sr\/wp-json\/wp\/v2\/pages"}],"about":[{"href":"https:\/\/www.avantgard.rs\/sr\/wp-json\/wp\/v2\/types\/page"}],"author":[{"embeddable":true,"href":"https:\/\/www.avantgard.rs\/sr\/wp-json\/wp\/v2\/users\/1"}],"replies":[{"embeddable":true,"href":"https:\/\/www.avantgard.rs\/sr\/wp-json\/wp\/v2\/comments?post=11065"}],"version-history":[{"count":7,"href":"https:\/\/www.avantgard.rs\/sr\/wp-json\/wp\/v2\/pages\/11065\/revisions"}],"predecessor-version":[{"id":11201,"href":"https:\/\/www.avantgard.rs\/sr\/wp-json\/wp\/v2\/pages\/11065\/revisions\/11201"}],"up":[{"embeddable":true,"href":"https:\/\/www.avantgard.rs\/sr\/wp-json\/wp\/v2\/pages\/11047"}],"wp:attachment":[{"href":"https:\/\/www.avantgard.rs\/sr\/wp-json\/wp\/v2\/media?parent=11065"}],"curies":[{"name":"wp","href":"https:\/\/api.w.org\/{rel}","templated":true}]}}